{"id":145,"date":"2018-05-25T10:49:13","date_gmt":"2018-05-25T07:49:13","guid":{"rendered":"http:\/\/www.viikkari.fi\/?page_id=145"},"modified":"2024-05-26T18:41:38","modified_gmt":"2024-05-26T15:41:38","slug":"tietosuojalauseke","status":"publish","type":"page","link":"https:\/\/www.viikkari.fi\/?page_id=145","title":{"rendered":"Tietosuojalauseke"},"content":{"rendered":"<p>T\u00e4m\u00e4 on\u00a0It\u00e4tullin kaupunginosayhdistys r.y.:n\u00a0henkil\u00f6tietolain (10 ja 24 \u00a7) ja EU:n yleisen tietosuoja-asetuksen (GDPR) mukainen rekisteri- ja tietosuojalauseke. Laadittu\u00a025.3.2018. Viimeisin muutos\u00a025.5.2018.<\/p>\n<h5>1. Rekisterinpit\u00e4j\u00e4<\/h5>\n<p>It\u00e4tullin kaupunginosayhdistys r.y.<br \/>\n(mukaan lukien Viikkarin kyl\u00e4juhla -ty\u00f6ryhm\u00e4)<\/p>\n<p>Puheenjohtaja Anna Turunen<\/p>\n<h5>2. Rekisterist\u00e4 vastaava yhteyshenkil\u00f6<\/h5>\n<p>Rekisterist\u00e4 vastaavat aina kulloinkin yhdistyksen puheenjohtajana toimiva henkil\u00f6, jonka hallussa on yhdistyst\u00e4 koskeva dokumentaatio.<br \/>\nPuheenjohtaja<br \/>\nAnna Turunen<\/p>\n<h5>3. Rekisterin nimi<\/h5>\n<p>It\u00e4tullin kaupunginosayhdistys ry:n j\u00e4senrekisteri<\/p>\n<h5>4. Oikeusperuste ja henkil\u00f6tietojen k\u00e4sittelyn tarkoitus<\/h5>\n<p>EU:n yleisen tietosuoja-asetuksen mukainen oikeusperuste henkil\u00f6tietojen k\u00e4sittelylle on<br \/>\nrekisterinpit\u00e4j\u00e4n oikeutettu etu (kaupunginosayhdistyksen j\u00e4senyys).<br \/>\nHenkil\u00f6tietojen k\u00e4sittelyn tarkoitus on\u00a0yhteydenpito j\u00e4seniin ja tiedotustoiminta yhdistyksen tapahtumista.<br \/>\nTietoja ei k\u00e4ytet\u00e4 automatisoituun p\u00e4\u00e4t\u00f6ksentekoon tai profilointiin.<\/p>\n<h5>5. Rekisterin tietosis\u00e4lt\u00f6<\/h5>\n<p>Rekisteriin tallennettavia tietoja ovat:\u00a0henkil\u00f6n nimi, yhteystiedot (puhelinnumero, s\u00e4hk\u00f6postiosoite, osoite).<br \/>\nTiedot poistetaan rekistereist\u00e4 vuoden kuluessa siit\u00e4, kun henkil\u00f6 on ilmoittanut eroavansa yhdistyksen j\u00e4senyydest\u00e4 (henkil\u00f6 katsotaan eronneeksi my\u00f6s siin\u00e4 tapauksessa ettei henkil\u00f6 ole maksanut j\u00e4senmaksua kahteen vuoteen, jolloin digitaaliset j\u00e4sentiedot poistetaan).<\/p>\n<h5>6. S\u00e4\u00e4nn\u00f6nmukaiset tietol\u00e4hteet<\/h5>\n<p>Rekisteriin tallennettavat tiedot saadaan j\u00e4senilt\u00e4 kaupunginosayhdistykseen liittymisen yhteydess\u00e4.<\/p>\n<h5>7. Tietojen s\u00e4\u00e4nn\u00f6nmukaiset luovutukset ja tietojen siirto EU:n tai ETA:n ulkopuolelle<\/h5>\n<p>Tietoja ei luovuteta s\u00e4\u00e4nn\u00f6nmukaisesti muille tahoille.<\/p>\n<p>Yhdistyksen tietoja tarkastelevat ainoastaan yhdistykselle valitut kirjanpit\u00e4j\u00e4t ja tilintarkastajat.<\/p>\n<p>Yhdistys k\u00e4ytt\u00e4\u00e4 Google Drive -pilvipalvelua. Kyseinen palveluntarjoaja Google LLC on lis\u00e4tty Yhdysvaltojen kauppaministeri\u00f6n Privacy Shield -j\u00e4rjestelm\u00e4\u00e4n, jonka nojalla henkil\u00f6tietoja saa s\u00e4ilytt\u00e4\u00e4 kyseisess\u00e4 j\u00e4rjestelm\u00e4ss\u00e4. Lis\u00e4tietoa <a href=\"https:\/\/www.privacyshield.gov\/welcome\" target=\"_blank\" rel=\"noopener\">www. privacyshield.gov<\/a>.<\/p>\n<h5>8. Rekisterin suojauksen periaatteet<\/h5>\n<p>Rekisterin k\u00e4sittelyss\u00e4 noudatetaan huolellisuutta ja tietoj\u00e4rjestelmien avulla k\u00e4sitelt\u00e4v\u00e4t tiedot suojataan asianmukaisesti. Rekisterinpit\u00e4j\u00e4 huolehtii siit\u00e4, ett\u00e4 tallennettuja tietoja sek\u00e4 palvelimien k\u00e4ytt\u00f6oikeuksia ja muita henkil\u00f6tietojen turvallisuuden kannalta kriittisi\u00e4 tietoja k\u00e4sitell\u00e4\u00e4n luottamuksellisesti.<\/p>\n<h5>9. Tarkastusoikeus ja oikeus vaatia tiedon korjaamista<\/h5>\n<p>Jokaisella rekisteriss\u00e4 olevalla henkil\u00f6ll\u00e4 on oikeus tarkistaa rekisteriin tallennetut tietonsa ja vaatia mahdollisen virheellisen tiedon korjaamista tai puutteellisen tiedon t\u00e4ydent\u00e4mist\u00e4. Mik\u00e4li henkil\u00f6 haluaa tarkistaa h\u00e4nest\u00e4 tallennetut tiedot tai vaatia niihin oikaisua, pyynt\u00f6 tulee\u00a0l\u00e4hett\u00e4\u00e4 kirjallisesti\u00a0rekisterinpit\u00e4j\u00e4lle. Rekisterinpit\u00e4j\u00e4 voi pyyt\u00e4\u00e4 tarvittaessa pyynn\u00f6n esitt\u00e4j\u00e4\u00e4 todistamaan henkil\u00f6llisyytens\u00e4. Rekisterinpit\u00e4j\u00e4 vastaa asiakkaalle EU:n tietosuoja-asetuksessa s\u00e4\u00e4detyss\u00e4 ajassa (p\u00e4\u00e4s\u00e4\u00e4nt\u00f6isesti kuukauden kuluessa).<\/p>\n<h5>10. Muut henkil\u00f6tietojen k\u00e4sittelyyn liittyv\u00e4t oikeudet<\/h5>\n<p>Rekisteriss\u00e4 olevalla henkil\u00f6ll\u00e4 on oikeus pyyt\u00e4\u00e4 h\u00e4nt\u00e4 koskevien henkil\u00f6tietojen poistamista rekisterist\u00e4 (&#8221;oikeus tulla unohdetuksi&#8221;). Niin ik\u00e4\u00e4n rekister\u00f6idyill\u00e4 on muut\u00a0<a href=\"http:\/\/eur-lex.europa.eu\/legal-content\/FI\/TXT\/?uri=CELEX%3A32016R0679#d1e2144-1-1\" target=\"_blank\" rel=\"noopener\">EU:n yleisen tietosuoja-asetuksen mukaiset oikeudet<\/a>\u00a0kuten henkil\u00f6tietojen k\u00e4sittelyn rajoittaminen tietyiss\u00e4 tilanteissa. Pyynn\u00f6t tulee\u00a0l\u00e4hett\u00e4\u00e4 kirjallisesti\u00a0rekisterinpit\u00e4j\u00e4lle. Rekisterinpit\u00e4j\u00e4 voi pyyt\u00e4\u00e4 tarvittaessa pyynn\u00f6n esitt\u00e4j\u00e4\u00e4 todistamaan henkil\u00f6llisyytens\u00e4. Rekisterinpit\u00e4j\u00e4 vastaa asiakkaalle EU:n tietosuoja-asetuksessa s\u00e4\u00e4detyss\u00e4 ajassa (p\u00e4\u00e4s\u00e4\u00e4nt\u00f6isesti kuukauden kuluessa).<\/p>","protected":false},"excerpt":{"rendered":"<p>T\u00e4m\u00e4 on\u00a0It\u00e4tullin kaupunginosayhdistys r.y.:n\u00a0henkil\u00f6tietolain (10 ja 24 \u00a7) ja EU:n yleisen tietosuoja-asetuksen (GDPR) mukainen rekisteri- ja tietosuojalauseke. Laadittu\u00a025.3.2018. Viimeisin muutos\u00a025.5.2018. 1. Rekisterinpit\u00e4j\u00e4 It\u00e4tullin kaupunginosayhdistys r.y. (mukaan lukien Viikkarin kyl\u00e4juhla -ty\u00f6ryhm\u00e4) Puheenjohtaja Anna Turunen 2. Rekisterist\u00e4 vastaava yhteyshenkil\u00f6 Rekisterist\u00e4 vastaavat aina kulloinkin yhdistyksen puheenjohtajana toimiva henkil\u00f6, jonka hallussa on yhdistyst\u00e4 koskeva dokumentaatio. Puheenjohtaja Anna Turunen 3. &hellip; <a href=\"https:\/\/www.viikkari.fi\/?page_id=145\" class=\"more-link\">Jatka lukemista<span class=\"screen-reader-text\"> &#8221;Tietosuojalauseke&#8221;<\/span><\/a><\/p>\n","protected":false},"author":12,"featured_media":0,"parent":0,"menu_order":10,"comment_status":"closed","ping_status":"closed","template":"","meta":{"footnotes":""},"class_list":["post-145","page","type-page","status-publish","hentry"],"_links":{"self":[{"href":"https:\/\/www.viikkari.fi\/index.php?rest_route=\/wp\/v2\/pages\/145","targetHints":{"allow":["GET"]}}],"collection":[{"href":"https:\/\/www.viikkari.fi\/index.php?rest_route=\/wp\/v2\/pages"}],"about":[{"href":"https:\/\/www.viikkari.fi\/index.php?rest_route=\/wp\/v2\/types\/page"}],"author":[{"embeddable":true,"href":"https:\/\/www.viikkari.fi\/index.php?rest_route=\/wp\/v2\/users\/12"}],"replies":[{"embeddable":true,"href":"https:\/\/www.viikkari.fi\/index.php?rest_route=%2Fwp%2Fv2%2Fcomments&post=145"}],"version-history":[{"count":7,"href":"https:\/\/www.viikkari.fi\/index.php?rest_route=\/wp\/v2\/pages\/145\/revisions"}],"predecessor-version":[{"id":312,"href":"https:\/\/www.viikkari.fi\/index.php?rest_route=\/wp\/v2\/pages\/145\/revisions\/312"}],"wp:attachment":[{"href":"https:\/\/www.viikkari.fi\/index.php?rest_route=%2Fwp%2Fv2%2Fmedia&parent=145"}],"curies":[{"name":"wp","href":"https:\/\/api.w.org\/{rel}","templated":true}]}}