{"id":29,"date":"2016-03-24T18:57:52","date_gmt":"2016-03-24T16:57:52","guid":{"rendered":"http:\/\/www.viikkari.fi\/?page_id=29"},"modified":"2026-04-18T16:20:04","modified_gmt":"2026-04-18T13:20:04","slug":"liity-jaseneksi","status":"publish","type":"page","link":"https:\/\/www.viikkari.fi\/?page_id=29","title":{"rendered":"Kaupunginosayhdistys ja j\u00e4senyys"},"content":{"rendered":"<p><img loading=\"lazy\" decoding=\"async\" class=\"wp-image-236 size-thumbnail alignleft\" src=\"https:\/\/www.viikkari.fi\/wp-content\/uploads\/2022\/07\/Viikkari-logo_pyorea-150x150.jpg\" alt=\"\" width=\"150\" height=\"150\" \/><\/p>\n<p>Kaupunginosayhdistyksess\u00e4 toimii joukko vapaaehtoisia 5. osan asukkaita, jotka eiv\u00e4t saa palkkiota toiminnastaan.<\/p>\n<p>Yhdistyksen tarkoitus on &#8221;<em>valvoa kiinteist\u00f6jen ja asukkaiden yleisi\u00e4 paikallisia etuja sek\u00e4 edist\u00e4\u00e4 asukkaiden asuinymp\u00e4rist\u00f6n viihtyvyyteen ja kehitt\u00e4miseen liittyvi\u00e4 asioita<\/em>&#8221; sek\u00e4 &#8221;<em>j\u00e4rjest\u00e4\u00e4 kokouksia, esitelm\u00e4- ja keskustelutilaisuuksia sek\u00e4 asukkaiden vapaa-ajan viettoon liittyvi\u00e4 tapahtumia, tekee viranomaisille esityksi\u00e4 ja anomuksia sek\u00e4 antaa tarvittaessa lausuntoja<\/em>&#8221;.<\/p>\n<p>Voit liitty\u00e4 j\u00e4seneksi suorittamalla kunkin vuoden j\u00e4senmaksun 9 \u20ac yhdistyksen tilille. Voit maksaa halutessasi my\u00f6s kahden vuoden (18 \u20ac) tai kolmen vuoden (27 \u20ac) j\u00e4senyyden kerralla. Merkitseth\u00e4n maksun viestikentt\u00e4\u00e4n maksajan nimen sek\u00e4 osoitteen sek\u00e4 s\u00e4hk\u00f6postiosoitteen, jos sellainen on. J\u00e4senyys on henkil\u00f6kohtainen.<\/p>\n<div class=\"art-postcontent\">\n<div class=\"art-article\">\n<p>Yhdistyksen pankkiyhteys: It\u00e4tullin Kaupunginosayhdistys, tilinro FI32 5700 8140 0277 44<\/p>\n<p><strong>Kaupunginosayhdistyksen hallitus vuonna 2025<\/strong><br \/>\nPuheenjohtaja: Anna Turunen<br \/>\nVarapuheenjohtaja: Toni Randell<br \/>\nSihteeri: Tea S\u00f6derlund<br \/>\nJ\u00e4senet: Minna Luusalo, Toni Randell ja Tea S\u00f6derlund<br \/>\nVaraj\u00e4senet: Sami Luusalo ja Aino Rosenholm<br \/>\nYhdistyksen taloudenhoitajana toimii Tea S\u00f6derlund.<\/p>\n<h2><span style=\"font-weight: 400;\">It\u00e4tullin kaupunginosayhdistyksen eettiset ohjeet<\/span><\/h2>\n<\/div>\n<\/div>\n<p><span style=\"font-weight: 400;\">It\u00e4tullin kaupunginosayhdistys on sitoutunut eettisesti tasa- arvoiseen toimintakulttuuriin ja ekologisen kest\u00e4vyyden huomioimiseen toiminnassaan. It\u00e4tullin kaupunginosayhdistys ei rajaa toimijoita pois yhdistys- tai tapahtumatoiminnasta sukupuolen, seksuaalisen suuntautumisen, alkuper\u00e4n, kielen, uskonnon, uskonnottomuuden, i\u00e4n tai vammaisuuden perusteella. It\u00e4tullin kaupunginosayhdistys tuottaa p\u00e4\u00e4asiassa tapahtumia ja palveluita, ei tavaraa. Yhdistys suosii hankinnoissaan ja tarjoiluissaan paikallisia toimijoita, luomutuotteita sek\u00e4 reilun kaupan tuotteita.<\/span><\/p>\n<div class=\"art-postcontent\">\n<div class=\"art-article\">\n<h2><\/h2>\n<h2>Yhdistyksen s\u00e4\u00e4nn\u00f6t<\/h2>\n<h5><strong>Yhdistyksen tarkoitus ja kotipaikka<\/strong><\/h5>\n<p><span style=\"font-weight: 400;\">Yhdistyksen nimi on It\u00e4tullin Kaupunginosayhdistys ry ja sen kotipaikka on Pori.<\/span><\/p>\n<h5><strong>Yhdistyksen tarkoitus ja toiminnan laatu<\/strong><\/h5>\n<p><span style=\"font-weight: 400;\">Yhdistyksen tarkoituksena on toimia j\u00e4sentens\u00e4 yhdyssiteen\u00e4, valvoa kiinteist\u00f6jen ja asukkaiden yleisi\u00e4 paikallisia etuja sek\u00e4 edist\u00e4\u00e4 asukkaiden asuinymp\u00e4rist\u00f6n viihtyvyyteen ja kehitt\u00e4miseen liittyvi\u00e4 asioita. Yhdistys ei toimi voiton saavuttamiseksi eik\u00e4 voi jakaa j\u00e4senilleen toiminnasta mahdollisesti syntynytt\u00e4 s\u00e4\u00e4st\u00f6\u00e4.<\/span><\/p>\n<p><span style=\"font-weight: 400;\">Tarkoituksensa toteuttamiseksi yhdistys j\u00e4rjest\u00e4\u00e4 kokouksia, esitelm\u00e4- ja keskustelutilaisuuksia sek\u00e4 asukkaiden vapaa-ajan viettoon liittyvi\u00e4 tapahtumia, tekee viranomaisille esityksi\u00e4 ja anomuksia sek\u00e4 antaa tarvittaessa lausuntoja.<\/span><span style=\"font-weight: 400;\"><br \/>\n<\/span><span style=\"font-weight: 400;\">Yhdistys voi liitty\u00e4 j\u00e4seneksi alan j\u00e4rjest\u00f6ihin ja erota niist\u00e4 vuosikokouksen p\u00e4\u00e4t\u00f6ksell\u00e4.<\/span><\/p>\n<p><span style=\"font-weight: 400;\">Yhdistys on oikeutettu omistamaan j\u00e4sentens\u00e4 toiminta- ja virkistysk\u00e4ytt\u00f6\u00e4 varten kiinteist\u00f6j\u00e4 ja arvopapereita, vastaanottamaan lahjoituksia, j\u00e4lkis\u00e4\u00e4d\u00f6ksi\u00e4 ja rahastoja sek\u00e4 toimeenpanemaan arpajaisia, hankittuaan tarvittaessa luvan niiden toimeenpanemiseen.<\/span><\/p>\n<h5><strong>Yhdistyksen j\u00e4senyys ja j\u00e4senmaksut<\/strong><\/h5>\n<p><span style=\"font-weight: 400;\">Yhdistyksen j\u00e4seneksi p\u00e4\u00e4see jokainen Suomen kansalainen ja sellaiset ulkomaalaiset, joilla on kotipaikka Suomessa sek\u00e4 oikeuskelpoinen yhteis\u00f6, jonka intresseihin kuuluu ja joka kannattaa yhdistyksen tarkoitusperi\u00e4 ja jonka yhdistyksen johtokunta j\u00e4seneksi hyv\u00e4ksyy.<\/span><\/p>\n<p><span style=\"font-weight: 400;\">Yhdistyksen vuosikokouksella on oikeus kutsua yhdistyksen hallituksen ehdotuksesta yhdistyksen kunniaj\u00e4seneksi henkil\u00f6n, joka on eritt\u00e4in ansiokkaasti toiminut yhdistyksen hyv\u00e4ksi. Vuosikokous voi nimet\u00e4 kunniaj\u00e4senen kunniapuheenjohtajaksi. Kunniaj\u00e4senell\u00e4 ei ole \u00e4\u00e4nioikeutta yhdistyksen kokouksissa.<\/span><\/p>\n<p><span style=\"font-weight: 400;\">Yhdistyksen j\u00e4senet suorittavat yhdistykselle j\u00e4senmaksun, jonka suuruus m\u00e4\u00e4r\u00e4t\u00e4\u00e4n vuosikokouksessa vuodeksi eteenp\u00e4in. J\u00e4senmaksunsa toistuvasti laiminly\u00f6nyt j\u00e4sen katsotaan yhdistyksen hallituksen p\u00e4\u00e4t\u00f6ksell\u00e4 eronneeksi yhdistyksest\u00e4. Yhdistyksen kokous voi hallituksen esityksest\u00e4 erottaa j\u00e4senen, jonka katsoo toimineen vastoin yhdistyksen etuja.<\/span><span style=\"font-weight: 400;\"><br \/>\n<\/span><span style=\"font-weight: 400;\">Kunniaj\u00e4senet eiv\u00e4t suorita j\u00e4senmaksua.<\/span><\/p>\n<h5><strong>Yhdistyksen hallinto<\/strong><\/h5>\n<p><span style=\"font-weight: 400;\">Yhdistyksen toimielimet ovat yhdistyksen kokous ja hallitus.<\/span><\/p>\n<p><span style=\"font-weight: 400;\">Yhdistyksen vuosikokous pidet\u00e4\u00e4n maaliskuun loppuun menness\u00e4. Kokouksen ajan ja paikan m\u00e4\u00e4r\u00e4\u00e4 yhdistyksen hallitus. Yhdistyksen kokouksissa ovat oikeutettuja olemaan l\u00e4sn\u00e4 my\u00f6s yhdistyksen kunniaj\u00e4senet, joilla ei kuitenkaan ole \u00e4\u00e4nioikeutta.<\/span><\/p>\n<p><span style=\"font-weight: 400;\">Yhdistyksen vuosikokouksessa k\u00e4sitell\u00e4\u00e4n seuraavat asiat:<\/span><\/p>\n<ol>\n<li><span style=\"font-weight: 400;\">valitaan kokoukselle puheenjohtaja, sihteeri sek\u00e4 kaksi p\u00f6yt\u00e4kirjantarkistajaa<\/span><\/li>\n<li><span style=\"font-weight: 400;\">todetaan kokouksen laillisuus ja p\u00e4\u00e4t\u00f6svaltaisuus<\/span><\/li>\n<li><span style=\"font-weight: 400;\">esitet\u00e4\u00e4n hallituksen kertomus yhdistyksen toiminnasta edelliselt\u00e4 vuodelta<\/span><\/li>\n<li><span style=\"font-weight: 400;\">esitet\u00e4\u00e4n yhdistyksen tilit, tilinp\u00e4\u00e4t\u00f6s ja tilintarkastajan lausunto<\/span><\/li>\n<li><span style=\"font-weight: 400;\">p\u00e4\u00e4tet\u00e4\u00e4n tili- ja vastuuvapauden my\u00f6nt\u00e4misest\u00e4 hallitukselle ja muille tilivelvollisille<\/span><\/li>\n<li><span style=\"font-weight: 400;\">m\u00e4\u00e4r\u00e4t\u00e4\u00e4n yhdistyksen j\u00e4senmaksu seuraavaksi vuodeksi<\/span><\/li>\n<li><span style=\"font-weight: 400;\">m\u00e4\u00e4r\u00e4t\u00e4\u00e4n mahdolliset toimihenkil\u00f6iden palkat ja palkkiot<\/span><\/li>\n<li><span style=\"font-weight: 400;\">hyv\u00e4ksyt\u00e4\u00e4n toimintasuunnitelma ja talousarvio tulevalle tilikaudelle<\/span><\/li>\n<li><span style=\"font-weight: 400;\">valitaan\u00a0 yhdistyksen puheenjohtaja, joka toimii my\u00f6s hallituksen puheenjohtajana<\/span><\/li>\n<li><span style=\"font-weight: 400;\">valitaan hallituksen j\u00e4senet, v\u00e4hint\u00e4\u00e4n kaksi (2) ja enint\u00e4\u00e4n kuusi (6) sek\u00e4 kaksi (2) varaj\u00e4sent\u00e4<\/span><\/li>\n<li><span style=\"font-weight: 400;\">valitaan tilintarkastaja ja varatilintarkastaja<\/span><\/li>\n<li><span style=\"font-weight: 400;\">valitaan tarvittaessa yhdistyksen edustajat alan j\u00e4rjest\u00f6jen kokouksiin, samoin edustajat muihin elimiin, jotka katsotaan tarpeellisiksi<\/span><\/li>\n<li><span style=\"font-weight: 400;\">asetetaan tarpeellisiksi katsotut toimikunnat seuraavaksi vuodeksi<\/span><\/li>\n<li><span style=\"font-weight: 400;\">m\u00e4\u00e4r\u00e4t\u00e4\u00e4n, mit\u00e4 n\u00e4iss\u00e4 s\u00e4\u00e4nn\u00f6iss\u00e4 m\u00e4\u00e4r\u00e4tty\u00e4 kokouskutsun ilmoitustapaa seuraavana vuonna noudatetaan ja miss\u00e4 sanomalehdiss\u00e4 kokouskutsu on julkaistava, jos k\u00e4ytet\u00e4\u00e4n sanomalehti-ilmoitustapaa. Samoin m\u00e4\u00e4r\u00e4t\u00e4\u00e4n, miten muut tiedonannot tulevana vuonna j\u00e4senille toimitetaan sek\u00e4<\/span><\/li>\n<li><span style=\"font-weight: 400;\">k\u00e4sitell\u00e4\u00e4n muut vuosikokouksen ty\u00f6j\u00e4rjestykseen otetut asiat<\/span><\/li>\n<\/ol>\n<p><span style=\"font-weight: 400;\">Yhdistys voi j\u00e4rjest\u00e4\u00e4 ylim\u00e4\u00e4r\u00e4isi\u00e4 kokouksia, milloin hallitus niin p\u00e4\u00e4tt\u00e4\u00e4 tai milloin nelj\u00e4sosa (1\/4) j\u00e4senist\u00f6st\u00e4 sit\u00e4 kirjallisesti hallitukselta pyyt\u00e4\u00e4 erityisesti ilmoitettua asiaa varten.<\/span><\/p>\n<p><span style=\"font-weight: 400;\">Yhdistyksen kokouksissa on kullakin varsinaisella j\u00e4senell\u00e4 yksi \u00e4\u00e4ni. Puhe- ja \u00e4\u00e4nioikeutta ei saa siirt\u00e4\u00e4 toiselle. P\u00e4\u00e4t\u00f6kseksi tulee enemmist\u00f6n mielipide, mik\u00e4li yhdistyksen s\u00e4\u00e4nn\u00f6iss\u00e4 ei toisin m\u00e4\u00e4r\u00e4t\u00e4. \u00c4\u00e4nten jakautuessa tasan, ratkaisee puheenjohtajan mielipide, paitsi vaaleissa arpa.<\/span><\/p>\n<p><span style=\"font-weight: 400;\">Yhdistyksen s\u00e4\u00e4nt\u00f6m\u00e4\u00e4r\u00e4inen vuosikokous kutsutaan koolle lehti-ilmoituksella, kirjeell\u00e4 tai muulla hallituksen sopimalla tavalla v\u00e4hint\u00e4\u00e4n seitsem\u00e4n (7) vuorokautta ennen\u00a0 ja ylim\u00e4\u00e4r\u00e4iset kokoukset v\u00e4hint\u00e4\u00e4n viisi (5) vuorokautta ennen kokousta.\u00a0 Muut tiedonannot saatetaan j\u00e4senist\u00f6n tietoon edellisen vuoden vuosikokouksessa p\u00e4\u00e4tetyll\u00e4 tavalla.<\/span><\/p>\n<p><span style=\"font-weight: 400;\">Yhdistyksen toimintaa johtaa ja valvoo hallitus, johon kuuluu vuosikokouksen vuodeksi kerrallaan valitsema puheenjohtaja ja v\u00e4hint\u00e4\u00e4n kaksi (2) ja enint\u00e4\u00e4n kuusi (6) vuodeksi kerrallaan valittua muuta j\u00e4sent\u00e4. Hallituksen j\u00e4senten t\u00e4ytyy olla yhdistyksen j\u00e4seni\u00e4.\u00a0<\/span><\/p>\n<p><span style=\"font-weight: 400;\">Hallitus kokoontuu puheenjohtajan tai h\u00e4nen olleessaan estyneen\u00e4, varapuheenjohtajan kutsusta. Hallitus on p\u00e4\u00e4t\u00f6svaltainen, kun v\u00e4hint\u00e4\u00e4n puolet sen j\u00e4senist\u00e4, joukossa jompikumpi puheenjohtajista, on l\u00e4sn\u00e4.<\/span><\/p>\n<p><span style=\"font-weight: 400;\">Hallitus valitsee keskuudestaan varapuheenjohtajan. Hallituksen teht\u00e4v\u00e4n\u00e4 on ottaa ja vapauttaa tarvittavat toimihenkil\u00f6t. Hallitus voi asettaa keskuudestaan ty\u00f6- sek\u00e4 erityisvaliokuntia.<\/span><\/p>\n<p><span style=\"font-weight: 400;\">Hallituksella ei ole oikeutta ottaa velkaa yhdistyksen nimiin muussa kuin siin\u00e4 tapauksessa, ett\u00e4 yhdistyksen kokous on sen nimenomaan siihen valtuuttanut.<\/span><\/p>\n<p><span style=\"font-weight: 400;\">Yhdistyksen nimen kirjoittavat puheenjohtaja tai varapuheenjohtaja tai joku hallituksen valtuuttama j\u00e4sen taikka yhdistyksen toimihenkil\u00f6, aina kaksi yhdess\u00e4.<\/span><\/p>\n<p><span style=\"font-weight: 400;\">Yhdistyksen tilikausi on kalenterivuosi. Kirjanpito ja tilinp\u00e4\u00e4t\u00f6s on j\u00e4tett\u00e4v\u00e4 tilintarkastajan tarkastettavaksi v\u00e4hint\u00e4\u00e4n kahta viikkoa ennen s\u00e4\u00e4nt\u00f6m\u00e4\u00e4r\u00e4ist\u00e4 vuosikokousta.<\/span><\/p>\n<p><span style=\"font-weight: 400;\">Yhdistyksen s\u00e4\u00e4nt\u00f6jen muutos voi tapahtua vuosikokouksen p\u00e4\u00e4t\u00f6ksell\u00e4, jos kaksi kolmasosaa (2\/3) kaikista \u00e4\u00e4nestyksess\u00e4 annetuista \u00e4\u00e4nist\u00e4 esityst\u00e4 kannattaa. Yhdistyksen purkamiseen vaaditaan vuosikokouksessa kolmen nelj\u00e4sosan (3\/4) enemmist\u00f6 annetuista \u00e4\u00e4nist\u00e4.<\/span><\/p>\n<p><span style=\"font-weight: 400;\">Jos yhdistys purkautuu tai lakkautetaan, on purkavassa kokouksessa teht\u00e4v\u00e4 p\u00e4\u00e4t\u00f6s j\u00e4ljelle j\u00e4\u00e4neiden varojen k\u00e4yt\u00f6st\u00e4 n\u00e4iden s\u00e4\u00e4nt\u00f6jen 2\u00a7:n mukaiseen tarkoitukseen.<\/span><\/p>\n<p><span style=\"font-weight: 400;\">Asioissa, joista n\u00e4iss\u00e4 s\u00e4\u00e4nn\u00f6iss\u00e4 ei ole m\u00e4\u00e4r\u00e4yksi\u00e4, noudatetaan yhdistyslakia.<\/span><\/p>\n<p><span style=\"font-weight: 400;\">Hyv\u00e4ksytty It\u00e4tullin Kaupunginosayhdistys ry:n syyskokouksessa 12.11.2012.<\/span><\/p>\n<p><br style=\"font-weight: 400;\" \/><br style=\"font-weight: 400;\" \/><\/p>\n<\/div>\n<\/div>","protected":false},"excerpt":{"rendered":"<p>Kaupunginosayhdistyksess\u00e4 toimii joukko vapaaehtoisia 5. osan asukkaita, jotka eiv\u00e4t saa palkkiota toiminnastaan. Yhdistyksen tarkoitus on &#8221;valvoa kiinteist\u00f6jen ja asukkaiden yleisi\u00e4 paikallisia etuja sek\u00e4 edist\u00e4\u00e4 asukkaiden asuinymp\u00e4rist\u00f6n viihtyvyyteen ja kehitt\u00e4miseen liittyvi\u00e4 asioita&#8221; sek\u00e4 &#8221;j\u00e4rjest\u00e4\u00e4 kokouksia, esitelm\u00e4- ja keskustelutilaisuuksia sek\u00e4 asukkaiden vapaa-ajan viettoon liittyvi\u00e4 tapahtumia, tekee viranomaisille esityksi\u00e4 ja anomuksia sek\u00e4 antaa tarvittaessa lausuntoja&#8221;. Voit liitty\u00e4 j\u00e4seneksi &hellip; <a href=\"https:\/\/www.viikkari.fi\/?page_id=29\" class=\"more-link\">Jatka lukemista<span class=\"screen-reader-text\"> &#8221;Kaupunginosayhdistys ja j\u00e4senyys&#8221;<\/span><\/a><\/p>\n","protected":false},"author":12,"featured_media":0,"parent":0,"menu_order":2,"comment_status":"closed","ping_status":"closed","template":"","meta":{"footnotes":""},"class_list":["post-29","page","type-page","status-publish","hentry"],"_links":{"self":[{"href":"https:\/\/www.viikkari.fi\/index.php?rest_route=\/wp\/v2\/pages\/29","targetHints":{"allow":["GET"]}}],"collection":[{"href":"https:\/\/www.viikkari.fi\/index.php?rest_route=\/wp\/v2\/pages"}],"about":[{"href":"https:\/\/www.viikkari.fi\/index.php?rest_route=\/wp\/v2\/types\/page"}],"author":[{"embeddable":true,"href":"https:\/\/www.viikkari.fi\/index.php?rest_route=\/wp\/v2\/users\/12"}],"replies":[{"embeddable":true,"href":"https:\/\/www.viikkari.fi\/index.php?rest_route=%2Fwp%2Fv2%2Fcomments&post=29"}],"version-history":[{"count":15,"href":"https:\/\/www.viikkari.fi\/index.php?rest_route=\/wp\/v2\/pages\/29\/revisions"}],"predecessor-version":[{"id":419,"href":"https:\/\/www.viikkari.fi\/index.php?rest_route=\/wp\/v2\/pages\/29\/revisions\/419"}],"wp:attachment":[{"href":"https:\/\/www.viikkari.fi\/index.php?rest_route=%2Fwp%2Fv2%2Fmedia&parent=29"}],"curies":[{"name":"wp","href":"https:\/\/api.w.org\/{rel}","templated":true}]}}