{"id":315,"date":"2024-07-02T20:12:49","date_gmt":"2024-07-02T17:12:49","guid":{"rendered":"https:\/\/www.viikkari.fi\/?page_id=315"},"modified":"2025-06-27T21:50:46","modified_gmt":"2025-06-27T18:50:46","slug":"viikkarin-kylajuhla","status":"publish","type":"page","link":"https:\/\/www.viikkari.fi\/","title":{"rendered":"Viikkarin kyl\u00e4juhla"},"content":{"rendered":"<p>Viikkarin kyl\u00e4juhla j\u00e4rjestet\u00e4\u00e4n j\u00e4lleen Sibeliuksenpuistossa lauantaina 28. kes\u00e4kuuta 2025. Tervetuloa nauttimaan hyv\u00e4st\u00e4 seurasta, monipuolisesta ohjelmasta ja l\u00e4mpim\u00e4st\u00e4 tunnelmasta klo 11-16!<\/p>\n<h5>Ohjelma<\/h5>\n<p>Avaa <strong>pihaohjelmakartta<\/strong>\u00a0(pdf) <a href=\"https:\/\/www.viikkari.fi\/wp-content\/uploads\/2025\/06\/Kartta_2025_A4.pdf\" target=\"_blank\" rel=\"noopener\">t\u00e4st\u00e4<\/a>.<\/p>\n<p>Avaa <strong>Puisto-ohjelma<\/strong>\u00a0(pfd) <a href=\"https:\/\/www.viikkari.fi\/wp-content\/uploads\/2025\/06\/2025_ohjelma_digi.pdf\" target=\"_blank\" rel=\"noopener\">t\u00e4st\u00e4<\/a>.<\/p>\n<p><strong>PUISTOLAVALLA\u00a0<\/strong><br \/>\nklo 11.00 <strong>Metallitehtaan puhaltajat<\/strong><br \/>\nklo 12.00 <strong>Viikkarin veto ja veisu<\/strong><br \/>\nklo 12.45 <strong>Ruosniemen hanurit<\/strong><br \/>\nklo 13.30 <strong>Mottine<\/strong><br \/>\nklo 14.30<strong> FolkFeathers<\/strong><br \/>\nklo 15.30 <strong>Krikettimaajoukkue<\/strong><\/p>\n<p><span style=\"font-weight: 400;\">Tapahtuman juontaa <strong>Maria Pere<\/strong>.<\/span><\/p>\n<p><strong>SIBELIUKSEN PUISTO KELLO 11-16<\/strong><br \/>\n<strong>Puistokirppis:<\/strong> Sibeliuksen puistossa p\u00e4\u00e4set oivasti kipputoritunnelmaan puistolavan s\u00e4velien siivitt\u00e4m\u00e4n\u00e4.<br \/>\n<strong>Kirjanvaihtopiste:<\/strong> Tuo ja vie kirjoja!<br \/>\n<strong>Kepparirata:<\/strong> Esterata lapsille ja lapsenmielisille omalla tai lainakepparilla.<br \/>\n<strong>Hoitopiste:<\/strong> Tule kokeilemaan energiahoitoa ilmaiseksi. Energiahoitajana Tuomas J\u00e4kk\u00f6.<br \/>\n<strong>Viikkarin veispuukki:<\/strong> Taiteilijat piirt\u00e4v\u00e4t ty\u00f6pajassa kyl\u00e4juhlav\u00e4ke\u00e4.<br \/>\n<strong>T\u00e4htikadun t\u00e4hdet:<\/strong> Kenen nimen kirjoitat T\u00e4htikadun t\u00e4hteen? Ikuista itsesi tai idolisi katuliiduin!<br \/>\n<strong>VStones<\/strong> (FinStones): Maalaa oma VStonesi ja j\u00e4t\u00e4 se muiden l\u00f6ydett\u00e4v\u00e4ksi.<br \/>\n<strong>Puistoneulontaa:<\/strong> Tuo mukanasi keskener\u00e4inen neule ja l\u00e4hde nauttimaan p\u00e4iv\u00e4st\u00e4 ulkosalla. Innokkaat neulomisen ja virkkaamisen harrastajat mukana Viikkarin kyl\u00e4juhlassa!<\/p>\n<p><strong>RAKENNUSKULTTUURITALO TOIVO JA KORSMANIN TALO<\/strong><br \/>\nToivossa ja Korsmanin talossa on avoimet ovet.<br \/>\nToivon punaisessa pihariviss\u00e4 on esill\u00e4 viikkarilaista taidetta.<br \/>\nVapaa p\u00e4\u00e4sy!<\/p>\n<p><strong>JOOGAA<\/strong><br \/>\nJoogaa Toivon pihapiiriss\u00e4 kello 14 alkaen. Ota oma joogamatto mukaan ja tule nauttimaan hetki <strong>Reetan<\/strong> lempe\u00e4ss\u00e4 ohjauksessa.<\/p>\n<p><strong>KYL\u00c4JUHLAKAHVILA<\/strong><br \/>\nOstamalla perinteiset kyl\u00e4juhlakahvit puistosta tuet kyl\u00e4juhlatoimintaa.<br \/>\nKahvilan yhteydest\u00e4 l\u00f6yd\u00e4t It\u00e4tullin kaupunginosayhdistyksen infopisteen.<\/p>\n<h6>Tapahtuman synty<\/h6>\n<p>Viikkarin kyl\u00e4juhla on tapahtuma, joka on syntynyt usean viikkarilaisen naisen yhteisist\u00e4 keskusteluista ja rakkaudesta omaan omaper\u00e4iseen puutalokaupunginosaan. Ensimm\u00e4isen kerran vuonna 2010 j\u00e4rjestetty juhla sai alkunsa uimahallin saunan lauteilta, miss\u00e4 naiset yhdess\u00e4 ryhtyiv\u00e4t pohtimaan, miten saattaa ihmisi\u00e4 yhteen ja luoda iloa arkeen. Siit\u00e4 l\u00e4htien juhlaa on vietetty toisinaan s\u00e4\u00e4nn\u00f6llisemmin ja toisinaan on pidetty taukoa, mutta kyl\u00e4juhlan ydin on s\u00e4ilynyt samana: yhteis\u00f6llisyydess\u00e4, ilossa ja talkoohengess\u00e4.<\/p>\n<h6>Talkoohenki ja vapaaehtoisuus<\/h6>\n<p>Juhla on ollut mahdollista toteuttaa kaupungin avustuksella, mutta p\u00e4\u00e4asiallisesti se py\u00f6rii vapaaehtoisten voimin. Jokainen, joka osallistuu j\u00e4rjestelyihin, tuo mukanaan palan yhteist\u00e4 hyv\u00e4\u00e4. Viikkarin kyl\u00e4juhla on todellinen esimerkki siit\u00e4, mit\u00e4 voidaan saavuttaa, kun ihmiset yhdist\u00e4v\u00e4t voimansa. J\u00e4rjestelyt alkavat jo kuukausia etuk\u00e4teen, ja jokaisen panos, olipa se sitten pieni tai suuri, on arvokas.<\/p>\n<h6>Ohjelmaa kaikenik\u00e4isille<\/h6>\n<p>Viikkarin kyl\u00e4juhla on tarkoitettu kaikenik\u00e4isille, ja se tarjoaa maksutonta ohjelmaa, joka pyrkii tarjoamaan jokaiselle jotakin. Yksi suosituimmista tapahtumista on puistokirppis, johon halukkaat voivat ilmoittautua myyjiksi. T\u00e4m\u00e4 tarjoaa mahdollisuuden kierr\u00e4tt\u00e4\u00e4 vanhoja aarteita ja l\u00f6yt\u00e4\u00e4 uusia, samalla kun tapaa muita viikkarilaisia \u2013 ja miksei muitakin \u2013 ja viett\u00e4\u00e4 aikaa yhdess\u00e4.<\/p>\n<h6>Avoimet pihat<\/h6>\n<p>Toinen pitk\u00e4 perinne Viikkarin kyl\u00e4juhlassa on avoimet pihat. Viikkarilaiset voivat avata pihansa vierailijoille, mik\u00e4 tuo mukanaan ainutlaatuisen tilaisuuden tutustua naapureihin ja ihastella persoonallisia sis\u00e4pihoja, tehd\u00e4 ostoksia ja nauttia vaikkapa pihakahvit. Avoimet pihat merkit\u00e4\u00e4n kyl\u00e4juhlan kartalle, jotta vierailijat voivat helposti suunnistaa niiden luo ja nauttia erilaisista pihatapahtumista.<\/p>\n<h6>Puistossa tapahtuu<\/h6>\n<p>Ja mik\u00e4p\u00e4 olisi kyl\u00e4juhla ilman musiikkia ja teatteria. Puiston lavalla n\u00e4hd\u00e4\u00e4n monenlaisia esityksi\u00e4, jotka viihdytt\u00e4v\u00e4t kaikenik\u00e4isi\u00e4 k\u00e4vij\u00f6it\u00e4. Lapsille on puistossa toimintaa lastentarhatalo Saiman toimesta. Kannattaa siis tulla paikalle viett\u00e4m\u00e4\u00e4n mukavaa kes\u00e4p\u00e4iv\u00e4\u00e4 \u2013 satoi tai paistoi, luotamme kes\u00e4n kuivaavan kastelemansa.<\/p>\n<h6>Tule mukaan juhlimaan!<\/h6>\n<p>Viikkarin kyl\u00e4juhla on tilaisuus kokoontua yhteen, tutustua uusiin ihmisiin ja vahvistaa Viikkarin yhteishenke\u00e4. Olitpa pitk\u00e4aikainen asukas tai vasta muuttanut, tapahtuma tarjoaa oivan tilaisuuden kokea yhteis\u00f6llisyytt\u00e4 parhaimmillaan. Tervetuloa mukaan nauttimaan hyv\u00e4st\u00e4 seurasta, monipuolisesta ohjelmasta ja l\u00e4mpim\u00e4st\u00e4 tunnelmasta!<\/p>","protected":false},"excerpt":{"rendered":"<p>Viikkarin kyl\u00e4juhla j\u00e4rjestet\u00e4\u00e4n j\u00e4lleen Sibeliuksenpuistossa lauantaina 28. kes\u00e4kuuta 2025. Tervetuloa nauttimaan hyv\u00e4st\u00e4 seurasta, monipuolisesta ohjelmasta ja l\u00e4mpim\u00e4st\u00e4 tunnelmasta klo 11-16! Ohjelma Avaa pihaohjelmakartta\u00a0(pdf) t\u00e4st\u00e4. Avaa Puisto-ohjelma\u00a0(pfd) t\u00e4st\u00e4. PUISTOLAVALLA\u00a0 klo 11.00 Metallitehtaan puhaltajat klo 12.00 Viikkarin veto ja veisu klo 12.45 Ruosniemen hanurit klo 13.30 Mottine klo 14.30 FolkFeathers klo 15.30 Krikettimaajoukkue Tapahtuman juontaa Maria Pere. &hellip; <a href=\"https:\/\/www.viikkari.fi\/\" class=\"more-link\">Jatka lukemista<span class=\"screen-reader-text\"> &#8221;Viikkarin kyl\u00e4juhla&#8221;<\/span><\/a><\/p>\n","protected":false},"author":11,"featured_media":326,"parent":0,"menu_order":0,"comment_status":"closed","ping_status":"closed","template":"","meta":{"footnotes":""},"class_list":["post-315","page","type-page","status-publish","has-post-thumbnail","hentry"],"_links":{"self":[{"href":"https:\/\/www.viikkari.fi\/index.php?rest_route=\/wp\/v2\/pages\/315","targetHints":{"allow":["GET"]}}],"collection":[{"href":"https:\/\/www.viikkari.fi\/index.php?rest_route=\/wp\/v2\/pages"}],"about":[{"href":"https:\/\/www.viikkari.fi\/index.php?rest_route=\/wp\/v2\/types\/page"}],"author":[{"embeddable":true,"href":"https:\/\/www.viikkari.fi\/index.php?rest_route=\/wp\/v2\/users\/11"}],"replies":[{"embeddable":true,"href":"https:\/\/www.viikkari.fi\/index.php?rest_route=%2Fwp%2Fv2%2Fcomments&post=315"}],"version-history":[{"count":9,"href":"https:\/\/www.viikkari.fi\/index.php?rest_route=\/wp\/v2\/pages\/315\/revisions"}],"predecessor-version":[{"id":403,"href":"https:\/\/www.viikkari.fi\/index.php?rest_route=\/wp\/v2\/pages\/315\/revisions\/403"}],"wp:featuredmedia":[{"embeddable":true,"href":"https:\/\/www.viikkari.fi\/index.php?rest_route=\/wp\/v2\/media\/326"}],"wp:attachment":[{"href":"https:\/\/www.viikkari.fi\/index.php?rest_route=%2Fwp%2Fv2%2Fmedia&parent=315"}],"curies":[{"name":"wp","href":"https:\/\/api.w.org\/{rel}","templated":true}]}}