{"id":5,"date":"2016-03-24T15:34:10","date_gmt":"2016-03-24T13:34:10","guid":{"rendered":"http:\/\/www.viikkari.fi\/?page_id=5"},"modified":"2024-04-07T15:51:18","modified_gmt":"2024-04-07T12:51:18","slug":"etusivu","status":"publish","type":"page","link":"https:\/\/www.viikkari.fi\/?page_id=5","title":{"rendered":"Viikkari"},"content":{"rendered":"<h4>Tervetuloa ViikkariIN<\/h4>\n<p>It\u00e4tulli eli 5. kaupunginosa, tuttavallisesti &#8221;Viikkari&#8221;, on Porin vanhin kaupunginosa. Se kaavoitettiin vuonna 1811 ja sen rakentajina toimivat itseoppineet kansanmiehet, joiden rakentamista ohjasi paikallinen perinne. Kaupunginosan rakennukset vastasivat tavallisen ihmisen tarpeisiin. Kaikeksi onneksi kaupunginosa s\u00e4\u00e4styi my\u00f6s vuoden 1852 Porin palolta.<\/p>\n<p>Aikoinaan Viikarissa toimi yleisi\u00e4 saunoja, korttelikauppoja sek\u00e4 makkaratehtaita. Monella sis\u00e4pihalla sijaitsi navettoja sek\u00e4 hevostalleja.\u00a0Yli 200-vuotisen historiansa aikana kaupunginosa on muotoutunut viihtyis\u00e4ksi ja elinvoimaiseksi\u00a0osaksi\u00a0sek\u00e4 kaupungin arvokasta historiaa ett\u00e4 nykyisyytt\u00e4.\u00a0T\u00e4n\u00e4 p\u00e4iv\u00e4n\u00e4 alueella on n. 1500 taloutta sek\u00e4 2200 asukasta.<\/p>\n<p><img loading=\"lazy\" decoding=\"async\" class=\"aligncenter wp-image-113 size-full\" src=\"https:\/\/www.viikkari.fi\/wp-content\/uploads\/2016\/03\/kaupunkilisko.jpg\" alt=\"\" width=\"828\" height=\"315\" srcset=\"https:\/\/www.viikkari.fi\/wp-content\/uploads\/2016\/03\/kaupunkilisko.jpg 828w, https:\/\/www.viikkari.fi\/wp-content\/uploads\/2016\/03\/kaupunkilisko-300x114.jpg 300w, https:\/\/www.viikkari.fi\/wp-content\/uploads\/2016\/03\/kaupunkilisko-768x292.jpg 768w\" sizes=\"auto, (max-width: 828px) 85vw, 828px\" \/><\/p>","protected":false},"excerpt":{"rendered":"<p>Tervetuloa ViikkariIN It\u00e4tulli eli 5. kaupunginosa, tuttavallisesti &#8221;Viikkari&#8221;, on Porin vanhin kaupunginosa. Se kaavoitettiin vuonna 1811 ja sen rakentajina toimivat itseoppineet kansanmiehet, joiden rakentamista ohjasi paikallinen perinne. Kaupunginosan rakennukset vastasivat tavallisen ihmisen tarpeisiin. Kaikeksi onneksi kaupunginosa s\u00e4\u00e4styi my\u00f6s vuoden 1852 Porin palolta. Aikoinaan Viikarissa toimi yleisi\u00e4 saunoja, korttelikauppoja sek\u00e4 makkaratehtaita. Monella sis\u00e4pihalla sijaitsi navettoja sek\u00e4 &hellip; <a href=\"https:\/\/www.viikkari.fi\/?page_id=5\" class=\"more-link\">Jatka lukemista<span class=\"screen-reader-text\"> &#8221;Viikkari&#8221;<\/span><\/a><\/p>\n","protected":false},"author":12,"featured_media":0,"parent":0,"menu_order":3,"comment_status":"closed","ping_status":"closed","template":"","meta":{"footnotes":""},"class_list":["post-5","page","type-page","status-publish","hentry"],"_links":{"self":[{"href":"https:\/\/www.viikkari.fi\/index.php?rest_route=\/wp\/v2\/pages\/5","targetHints":{"allow":["GET"]}}],"collection":[{"href":"https:\/\/www.viikkari.fi\/index.php?rest_route=\/wp\/v2\/pages"}],"about":[{"href":"https:\/\/www.viikkari.fi\/index.php?rest_route=\/wp\/v2\/types\/page"}],"author":[{"embeddable":true,"href":"https:\/\/www.viikkari.fi\/index.php?rest_route=\/wp\/v2\/users\/12"}],"replies":[{"embeddable":true,"href":"https:\/\/www.viikkari.fi\/index.php?rest_route=%2Fwp%2Fv2%2Fcomments&post=5"}],"version-history":[{"count":39,"href":"https:\/\/www.viikkari.fi\/index.php?rest_route=\/wp\/v2\/pages\/5\/revisions"}],"predecessor-version":[{"id":296,"href":"https:\/\/www.viikkari.fi\/index.php?rest_route=\/wp\/v2\/pages\/5\/revisions\/296"}],"wp:attachment":[{"href":"https:\/\/www.viikkari.fi\/index.php?rest_route=%2Fwp%2Fv2%2Fmedia&parent=5"}],"curies":[{"name":"wp","href":"https:\/\/api.w.org\/{rel}","templated":true}]}}