{"id":8,"date":"2016-03-24T15:46:01","date_gmt":"2016-03-24T13:46:01","guid":{"rendered":"http:\/\/www.viikkari.fi\/?page_id=8"},"modified":"2024-07-02T18:39:29","modified_gmt":"2024-07-02T15:39:29","slug":"yhteystiedot","status":"publish","type":"page","link":"https:\/\/www.viikkari.fi\/?page_id=8","title":{"rendered":"Yhteystiedot"},"content":{"rendered":"<p><strong>Puheenjohtaja<\/strong><br \/>\n<a href=\"mailto:&#x61;&#x6e;&#x6e;&#x61;&#x74;&#x65;&#x65;&#x33;&#x40;&#x67;&#x6d;&#x61;&#x69;&#x6c;&#x2e;&#x63;&#x6f;&#x6d;\">Anna Turunen<\/a><\/p>\n<p><strong>Varapuheenjohtaja<\/strong><br \/>\n<a href=\"mailto:&#x6c;&#x75;&#x75;&#x73;&#x61;&#x6c;&#x6f;&#x40;&#x67;&#x6d;&#x61;&#x69;&#x6c;&#x2e;&#x63;&#x6f;&#x6d;\">Minna Luusalo<\/a><\/p>\n<p><strong>Sihteeri ja taloudenhoitaja<br \/>\n<\/strong><a href=\"mailto:&#x74;&#x65;&#x61;&#x2e;&#x73;&#x6f;&#x64;&#x65;&#x72;&#x6c;&#x75;&#x6e;&#x64;&#x40;&#x76;&#x69;&#x69;&#x6b;&#x6b;&#x61;&#x72;&#x69;&#x2e;&#x66;&#x69;\">Tea S\u00f6derlund<\/a><\/p>\n<p>Laskutukseemme ja mainontaan liittyviss\u00e4 asioissa l\u00e4het\u00e4 s\u00e4hk\u00f6postia osoitteeseen:\u00a0<a href=\"mailto:&#x74;&#x6f;&#x69;&#x6d;&#x69;&#x73;&#x74;&#x6f;&#x40;&#x76;&#x69;&#x69;&#x6b;&#x6b;&#x61;&#x72;&#x69;&#x2e;&#x66;&#x69;\">&#x74;&#x6f;&#x69;&#x6d;&#x69;&#x73;&#x74;&#x6f;&#x40;<span class=\"oe_displaynone\">null<\/span>&#x76;&#x69;&#x69;&#x6b;&#x6b;&#x61;&#x72;&#x69;&#x2e;&#x66;&#x69;<\/a><\/p>","protected":false},"excerpt":{"rendered":"<p>Puheenjohtaja Anna Turunen Varapuheenjohtaja Minna Luusalo Sihteeri ja taloudenhoitaja Tea S\u00f6derlund Laskutukseemme ja mainontaan liittyviss\u00e4 asioissa l\u00e4het\u00e4 s\u00e4hk\u00f6postia osoitteeseen:\u00a0&#x74;&#x6f;&#x69;&#x6d;&#x69;&#x73;&#x74;&#x6f;&#x40;null&#x76;&#x69;&#x69;&#x6b;&#x6b;&#x61;&#x72;&#x69;&#x2e;&#x66;&#x69;<\/p>\n","protected":false},"author":12,"featured_media":0,"parent":0,"menu_order":8,"comment_status":"closed","ping_status":"closed","template":"","meta":{"footnotes":""},"class_list":["post-8","page","type-page","status-publish","hentry"],"_links":{"self":[{"href":"https:\/\/www.viikkari.fi\/index.php?rest_route=\/wp\/v2\/pages\/8","targetHints":{"allow":["GET"]}}],"collection":[{"href":"https:\/\/www.viikkari.fi\/index.php?rest_route=\/wp\/v2\/pages"}],"about":[{"href":"https:\/\/www.viikkari.fi\/index.php?rest_route=\/wp\/v2\/types\/page"}],"author":[{"embeddable":true,"href":"https:\/\/www.viikkari.fi\/index.php?rest_route=\/wp\/v2\/users\/12"}],"replies":[{"embeddable":true,"href":"https:\/\/www.viikkari.fi\/index.php?rest_route=%2Fwp%2Fv2%2Fcomments&post=8"}],"version-history":[{"count":13,"href":"https:\/\/www.viikkari.fi\/index.php?rest_route=\/wp\/v2\/pages\/8\/revisions"}],"predecessor-version":[{"id":317,"href":"https:\/\/www.viikkari.fi\/index.php?rest_route=\/wp\/v2\/pages\/8\/revisions\/317"}],"wp:attachment":[{"href":"https:\/\/www.viikkari.fi\/index.php?rest_route=%2Fwp%2Fv2%2Fmedia&parent=8"}],"curies":[{"name":"wp","href":"https:\/\/api.w.org\/{rel}","templated":true}]}}